{"id":4603,"date":"2022-02-11T14:21:41","date_gmt":"2022-02-11T11:21:41","guid":{"rendered":"https:\/\/shop.sibihats.com\/?post_type=product&#038;p=4603"},"modified":"2025-02-14T09:36:14","modified_gmt":"2025-02-14T06:36:14","slug":"chester-tartan-beret","status":"publish","type":"product","link":"https:\/\/sibihats.com\/tr\/product\/chester-tartan-beret\/","title":{"rendered":"CHESTER &#8211; Yellow Tartan Hat"},"content":{"rendered":"<p>Extra funky tartan beret, decorated with grey pompom.<\/p>\n<p>&nbsp;<\/p>\n<p>YELLOW<br \/>\nTamamen el yap\u0131m\u0131<\/p>\n<p><em>- Tek beden.<\/em><br \/>\n<em>\u2022 Delivery time 3-5 days.<\/em><br \/>\n<em>\u2022 Dry cleaning only.<br \/>\n<\/em><em>- \u00d6zel sorular\u0131n\u0131z i\u00e7in l\u00fctfen <a href=\"https:\/\/sibihats.com\/tr\/iletisim\/?v=ea5ee3073194\">Bize ula\u015f\u0131n<\/a><\/em><\/p>","protected":false},"excerpt":{"rendered":"<p>Extra funky tartan beret, decorated with grey pompom. &nbsp; YELLOW Fully handmade \u2022 One size. \u2022 Delivery time 3-5 days. \u2022 Dry cleaning only. \u2022 For special inquiries please contact us<\/p>","protected":false},"featured_media":4604,"template":"","meta":[],"product_brand":[],"product_cat":[350],"product_tag":[],"class_list":{"0":"post-4603","1":"product","2":"type-product","3":"status-publish","4":"has-post-thumbnail","6":"product_cat-sale","8":"first","9":"outofstock","10":"sale","11":"purchasable","12":"product-type-simple"},"jetpack_sharing_enabled":true,"_links":{"self":[{"href":"https:\/\/sibihats.com\/tr\/wp-json\/wp\/v2\/product\/4603","targetHints":{"allow":["GET"]}}],"collection":[{"href":"https:\/\/sibihats.com\/tr\/wp-json\/wp\/v2\/product"}],"about":[{"href":"https:\/\/sibihats.com\/tr\/wp-json\/wp\/v2\/types\/product"}],"wp:featuredmedia":[{"embeddable":true,"href":"https:\/\/sibihats.com\/tr\/wp-json\/wp\/v2\/media\/4604"}],"wp:attachment":[{"href":"https:\/\/sibihats.com\/tr\/wp-json\/wp\/v2\/media?parent=4603"}],"wp:term":[{"taxonomy":"product_brand","embeddable":true,"href":"https:\/\/sibihats.com\/tr\/wp-json\/wp\/v2\/product_brand?post=4603"},{"taxonomy":"product_cat","embeddable":true,"href":"https:\/\/sibihats.com\/tr\/wp-json\/wp\/v2\/product_cat?post=4603"},{"taxonomy":"product_tag","embeddable":true,"href":"https:\/\/sibihats.com\/tr\/wp-json\/wp\/v2\/product_tag?post=4603"}],"curies":[{"name":"wp","href":"https:\/\/api.w.org\/{rel}","templated":true}]}}