{"id":4533,"date":"2022-02-10T09:57:52","date_gmt":"2022-02-10T06:57:52","guid":{"rendered":"https:\/\/shop.sibihats.com\/?post_type=product&#038;p=4533"},"modified":"2025-11-08T14:10:24","modified_gmt":"2025-11-08T11:10:24","slug":"stella","status":"publish","type":"product","link":"https:\/\/sibihats.com\/tr\/product\/stella\/","title":{"rendered":"STELLA &#8211; Red Wool Beret Hat"},"content":{"rendered":"<p>From effortless everyday looks to Parisian statement-making pieces, like the beret, French-style continuously influences the way we dress. Now, the beret is an iconic symbol of French fashion and the epitome of tr\u00e8s chic. STELLA is a statement red beret for ladies who likes to receive compliments. Crafted in Istanbul from fine flannel wool.<\/p>\n<p>&nbsp;<\/p>\n<p>RED<br \/>\nTamamen el yap\u0131m\u0131<\/p>\n<p><em>- Tek beden.<\/em><br \/>\n<em>\u2022 Delivery time 3-5 days.<\/em><br \/>\n<em>\u2022 Dry cleaning only.<br \/>\n<\/em><em>- \u00d6zel sorular\u0131n\u0131z i\u00e7in l\u00fctfen <a href=\"https:\/\/sibihats.com\/tr\/iletisim\/?v=ea5ee3073194\">Bize ula\u015f\u0131n<\/a><\/em><\/p>","protected":false},"excerpt":{"rendered":"<p>From effortless everyday looks to Parisian statement-making pieces, like the beret, French-style continuously influences the way we dress. Now, the beret is an iconic symbol of French fashion and the epitome of tr\u00e8s chic. STELLA is a statement red beret for ladies who likes to receive compliments. Crafted in Istanbul from fine flannel wool. &nbsp; [&#8230;]\n","protected":false},"featured_media":4583,"template":"","meta":[],"product_brand":[],"product_cat":[352],"product_tag":[],"class_list":{"0":"post-4533","1":"product","2":"type-product","3":"status-publish","4":"has-post-thumbnail","6":"product_cat-fabric-hats","8":"first","9":"instock","10":"purchasable","11":"product-type-simple"},"jetpack_sharing_enabled":true,"_links":{"self":[{"href":"https:\/\/sibihats.com\/tr\/wp-json\/wp\/v2\/product\/4533","targetHints":{"allow":["GET"]}}],"collection":[{"href":"https:\/\/sibihats.com\/tr\/wp-json\/wp\/v2\/product"}],"about":[{"href":"https:\/\/sibihats.com\/tr\/wp-json\/wp\/v2\/types\/product"}],"wp:featuredmedia":[{"embeddable":true,"href":"https:\/\/sibihats.com\/tr\/wp-json\/wp\/v2\/media\/4583"}],"wp:attachment":[{"href":"https:\/\/sibihats.com\/tr\/wp-json\/wp\/v2\/media?parent=4533"}],"wp:term":[{"taxonomy":"product_brand","embeddable":true,"href":"https:\/\/sibihats.com\/tr\/wp-json\/wp\/v2\/product_brand?post=4533"},{"taxonomy":"product_cat","embeddable":true,"href":"https:\/\/sibihats.com\/tr\/wp-json\/wp\/v2\/product_cat?post=4533"},{"taxonomy":"product_tag","embeddable":true,"href":"https:\/\/sibihats.com\/tr\/wp-json\/wp\/v2\/product_tag?post=4533"}],"curies":[{"name":"wp","href":"https:\/\/api.w.org\/{rel}","templated":true}]}}