{"id":4485,"date":"2021-11-08T10:48:01","date_gmt":"2021-11-08T07:48:01","guid":{"rendered":"https:\/\/shop.sibihats.com\/?post_type=product&#038;p=4485"},"modified":"2024-10-23T12:55:17","modified_gmt":"2024-10-23T09:55:17","slug":"nefi-boucle-beret","status":"publish","type":"product","link":"https:\/\/sibihats.com\/tr\/product\/nefi-boucle-beret\/","title":{"rendered":"NEFI &#8211; Wool Beret Hat"},"content":{"rendered":"<p>The French beret is coming back in a significant way. Part sophisticated, part sweet, and part studious, this versatile accessory is set to become your new <strong>go-to\u00a0fashion<\/strong> item. This classic fall staple just got a little less clich\u00e9.<\/p>\n<p>NAVY MIX<\/p>\n<p>Tamamen el yap\u0131m\u0131<\/p>\n<ul>\n<li><em>Delivery time 2-6 days.<\/em><\/li>\n<li><em>Adjustable size.<\/em><\/li>\n<li><em>100% Wool.<\/em><\/li>\n<li><em>\u00d6zel sorular\u0131n\u0131z i\u00e7in l\u00fctfen <a href=\"https:\/\/sibihats.com\/tr\/iletisim\/?v=ea5ee3073194\">\u0130leti\u015fime ge\u00e7in<\/a> bizimle<a href=\"https:\/\/sibihats.com\/tr\/iletisim\/?v=ea5ee3073194\">.<\/a><\/em><\/li>\n<\/ul>","protected":false},"excerpt":{"rendered":"<p>The French beret is coming back in a significant way. Part sophisticated, part sweet, and part studious, this versatile accessory is set to become your new go-to\u00a0fashion item. This classic fall staple just got a little less clich\u00e9. NAVY MIX Fully handmade Delivery time 2-6 days. Adjustable size. 100% Wool. For special inquiries, please get [&#8230;]\n","protected":false},"featured_media":4486,"template":"","meta":[],"product_brand":[],"product_cat":[352,350],"product_tag":[],"class_list":{"0":"post-4485","1":"product","2":"type-product","3":"status-publish","4":"has-post-thumbnail","6":"product_cat-fabric-hats","7":"product_cat-sale","9":"first","10":"outofstock","11":"sale","12":"purchasable","13":"product-type-simple"},"jetpack_sharing_enabled":true,"_links":{"self":[{"href":"https:\/\/sibihats.com\/tr\/wp-json\/wp\/v2\/product\/4485","targetHints":{"allow":["GET"]}}],"collection":[{"href":"https:\/\/sibihats.com\/tr\/wp-json\/wp\/v2\/product"}],"about":[{"href":"https:\/\/sibihats.com\/tr\/wp-json\/wp\/v2\/types\/product"}],"wp:featuredmedia":[{"embeddable":true,"href":"https:\/\/sibihats.com\/tr\/wp-json\/wp\/v2\/media\/4486"}],"wp:attachment":[{"href":"https:\/\/sibihats.com\/tr\/wp-json\/wp\/v2\/media?parent=4485"}],"wp:term":[{"taxonomy":"product_brand","embeddable":true,"href":"https:\/\/sibihats.com\/tr\/wp-json\/wp\/v2\/product_brand?post=4485"},{"taxonomy":"product_cat","embeddable":true,"href":"https:\/\/sibihats.com\/tr\/wp-json\/wp\/v2\/product_cat?post=4485"},{"taxonomy":"product_tag","embeddable":true,"href":"https:\/\/sibihats.com\/tr\/wp-json\/wp\/v2\/product_tag?post=4485"}],"curies":[{"name":"wp","href":"https:\/\/api.w.org\/{rel}","templated":true}]}}