{"id":4480,"date":"2021-11-08T10:42:53","date_gmt":"2021-11-08T07:42:53","guid":{"rendered":"https:\/\/shop.sibihats.com\/?post_type=product&#038;p=4480"},"modified":"2025-12-21T14:13:18","modified_gmt":"2025-12-21T11:13:18","slug":"coco-brown","status":"publish","type":"product","link":"https:\/\/sibihats.com\/tr\/product\/coco-brown\/","title":{"rendered":"COCO - Uzun T\u00fcyl\u00fc Tav\u015fan K\u00fcrk\u00fc Ke\u00e7e \u015eapka"},"content":{"rendered":"<p>Tamamen el yap\u0131m\u0131<\/p>\n<ul>\n<li><em>Production time 3-12 days.<\/em><\/li>\n<li><em>100% Rabbit Fur Felt.<\/em><\/li>\n<li><em>\u00d6zelle\u015ftirilmi\u015f renklerde mevcuttur.<\/em><\/li>\n<li><em>SIBI \u015fapka kutusu i\u00e7inde gelir.<\/em><\/li>\n<li><em>\u00d6zel sorular\u0131n\u0131z i\u00e7in l\u00fctfen <a href=\"https:\/\/sibihats.com\/tr\/iletisim\/?v=ea5ee3073194\">\u0130leti\u015fime ge\u00e7in<\/a> bizimle<a href=\"https:\/\/sibihats.com\/tr\/iletisim\/?v=ea5ee3073194\">.<\/a><\/em><\/li>\n<\/ul>","protected":false},"excerpt":{"rendered":"<p data-start=\"98\" data-end=\"437\"><strong data-start=\"98\" data-end=\"106\">COCO<\/strong> is a bucket hat with an unmistakably stylish edge. Named after the impeccable woman who began with hats and became a legend in the fashion world, this design pays tribute to timeless elegance with a modern twist. It adds just the right amount of flair-never overdone-bringing instant personality to any look in a way few hats can.<\/p>\n<p data-start=\"439\" data-end=\"572\">Expertly crafted from longhair rabbit fur felt, COCO is finished with a dark brown velvet ribbon trim for a refined, luxurious touch.<\/p>","protected":false},"featured_media":4484,"template":"","meta":[],"product_brand":[],"product_cat":[83],"product_tag":[],"class_list":{"0":"post-4480","1":"product","2":"type-product","3":"status-publish","4":"has-post-thumbnail","6":"product_cat-fw-21","7":"pa_brand-sibi-hats","9":"first","10":"instock","11":"taxable","12":"shipping-taxable","13":"purchasable","14":"product-type-variable"},"jetpack_sharing_enabled":true,"_links":{"self":[{"href":"https:\/\/sibihats.com\/tr\/wp-json\/wp\/v2\/product\/4480","targetHints":{"allow":["GET"]}}],"collection":[{"href":"https:\/\/sibihats.com\/tr\/wp-json\/wp\/v2\/product"}],"about":[{"href":"https:\/\/sibihats.com\/tr\/wp-json\/wp\/v2\/types\/product"}],"wp:featuredmedia":[{"embeddable":true,"href":"https:\/\/sibihats.com\/tr\/wp-json\/wp\/v2\/media\/4484"}],"wp:attachment":[{"href":"https:\/\/sibihats.com\/tr\/wp-json\/wp\/v2\/media?parent=4480"}],"wp:term":[{"taxonomy":"product_brand","embeddable":true,"href":"https:\/\/sibihats.com\/tr\/wp-json\/wp\/v2\/product_brand?post=4480"},{"taxonomy":"product_cat","embeddable":true,"href":"https:\/\/sibihats.com\/tr\/wp-json\/wp\/v2\/product_cat?post=4480"},{"taxonomy":"product_tag","embeddable":true,"href":"https:\/\/sibihats.com\/tr\/wp-json\/wp\/v2\/product_tag?post=4480"}],"curies":[{"name":"wp","href":"https:\/\/api.w.org\/{rel}","templated":true}]}}