{"id":4345,"date":"2021-10-28T21:40:51","date_gmt":"2021-10-28T18:40:51","guid":{"rendered":"https:\/\/shop.sibihats.com\/?post_type=product&#038;p=4345"},"modified":"2021-11-08T15:26:58","modified_gmt":"2021-11-08T12:26:58","slug":"bayan-brown-2","status":"publish","type":"product","link":"https:\/\/sibihats.com\/tr\/product\/mrs-brown-2\/","title":{"rendered":"Bayan BROWN"},"content":{"rendered":"<p>Gard\u0131robunuzda sonsuza dek kalacak bir stil ar\u0131yorsan\u0131z, eski d\u00fcnyan\u0131n el yap\u0131m\u0131 \u015fapkas\u0131yla modern ve \u015f\u0131k bir siluet yaratmay\u0131 d\u00fc\u015f\u00fcn\u00fcn! Ayr\u0131ca, bu ye\u015fil bu y\u0131l her yerde patl\u0131yor ve 2022'de daha da s\u0131cak olacak.<\/p>\n<p>YE\u015e\u0130L<\/p>\n<p>Tamamen el yap\u0131m\u0131<\/p>\n<ul>\n<li><em>100% Tav\u015fan k\u00fcrk\u00fc ke\u00e7e.<\/em><\/li>\n<li><em>\u00d6zelle\u015ftirilmi\u015f renklerde mevcuttur.<\/em><\/li>\n<li><em>Teslimat s\u00fcresi 3-8 g\u00fcn.<\/em><\/li>\n<li><em>\u00d6zel sorular\u0131n\u0131z i\u00e7in l\u00fctfen <a href=\"https:\/\/sibihats.com\/tr\/iletisim\/?v=ea5ee3073194\">\u0130leti\u015fime ge\u00e7in<\/a> bizimle<a href=\"https:\/\/sibihats.com\/tr\/iletisim\/?v=ea5ee3073194\">.<\/a><\/em><\/li>\n<li><em>Sadece kuru temizleme.<\/em><\/li>\n<li><em>SIBI \u015fapka kutusu i\u00e7inde gelir.<\/em><\/li>\n<\/ul>","protected":false},"excerpt":{"rendered":"<p>If you\u2019re looking for a style that will last forever in your wardrobe, consider bringing some modern posh silhouette with an old-world\u2019s handmade hat! Plus, this green is popping everywhere this year and will be even hotter in 2022. GREEN Fully handmade 100% Rabbit fur felt. Available in customized colors. Delivery time 3-8 days. For [&#8230;]\n","protected":false},"featured_media":4433,"template":"","meta":[],"product_brand":[],"product_cat":[83],"product_tag":[],"class_list":{"0":"post-4345","1":"product","2":"type-product","3":"status-publish","4":"has-post-thumbnail","6":"product_cat-fw-21","7":"pa_brand-sibi-hats","9":"first","10":"instock","11":"taxable","12":"shipping-taxable","13":"purchasable","14":"product-type-simple"},"jetpack_sharing_enabled":true,"_links":{"self":[{"href":"https:\/\/sibihats.com\/tr\/wp-json\/wp\/v2\/product\/4345","targetHints":{"allow":["GET"]}}],"collection":[{"href":"https:\/\/sibihats.com\/tr\/wp-json\/wp\/v2\/product"}],"about":[{"href":"https:\/\/sibihats.com\/tr\/wp-json\/wp\/v2\/types\/product"}],"wp:featuredmedia":[{"embeddable":true,"href":"https:\/\/sibihats.com\/tr\/wp-json\/wp\/v2\/media\/4433"}],"wp:attachment":[{"href":"https:\/\/sibihats.com\/tr\/wp-json\/wp\/v2\/media?parent=4345"}],"wp:term":[{"taxonomy":"product_brand","embeddable":true,"href":"https:\/\/sibihats.com\/tr\/wp-json\/wp\/v2\/product_brand?post=4345"},{"taxonomy":"product_cat","embeddable":true,"href":"https:\/\/sibihats.com\/tr\/wp-json\/wp\/v2\/product_cat?post=4345"},{"taxonomy":"product_tag","embeddable":true,"href":"https:\/\/sibihats.com\/tr\/wp-json\/wp\/v2\/product_tag?post=4345"}],"curies":[{"name":"wp","href":"https:\/\/api.w.org\/{rel}","templated":true}]}}