{"id":4337,"date":"2021-10-28T15:01:58","date_gmt":"2021-10-28T12:01:58","guid":{"rendered":"https:\/\/shop.sibihats.com\/?post_type=product&#038;p=4337"},"modified":"2023-11-20T22:01:36","modified_gmt":"2023-11-20T19:01:36","slug":"mrs-brown","status":"publish","type":"product","link":"https:\/\/sibihats.com\/tr\/product\/mrs-brown\/","title":{"rendered":"Bayan BROWN"},"content":{"rendered":"<p style=\"text-align: left;\">Animal print is a trend that never fully dies; it only rises and drops in popularity every season, but when done right is never truly out of style. If you\u2019re looking for a style that will last forever in your wardrobe, consider bringing some modern posh silhouette with an old-world&#8217;s handmade hat.<\/p>\n<p>CHEETAH PRINT<\/p>\n<p>Tamamen el yap\u0131m\u0131<\/p>\n<ul>\n<li><em>Production time 3-7 days.<\/em><\/li>\n<li><em>100% Tav\u015fan k\u00fcrk\u00fc ke\u00e7e.<\/em><\/li>\n<li><em>\u00d6zelle\u015ftirilmi\u015f renklerde mevcuttur.<\/em><\/li>\n<li><em>For special inquiries please <a href=\"https:\/\/sibihats.com\/tr\/iletisim\/?v=ea5ee3073194\">Bize ula\u015f\u0131n.<\/a><\/em><\/li>\n<li><em>Sadece kuru temizleme.<\/em><\/li>\n<li><em>SIBI \u015fapka kutusu i\u00e7inde gelir.<\/em><\/li>\n<\/ul>","protected":false},"excerpt":{"rendered":"<p>Animal print is a trend that never fully dies; it only rises and drops in popularity every season, but when done right is never truly out of style. If you\u2019re looking for a style that will last forever in your wardrobe, consider bringing some modern posh silhouette with an old-world&#8217;s handmade hat. CHEETAH PRINT Fully [&#8230;]\n","protected":false},"featured_media":4427,"template":"","meta":[],"product_brand":[],"product_cat":[83],"product_tag":[],"class_list":{"0":"post-4337","1":"product","2":"type-product","3":"status-publish","4":"has-post-thumbnail","6":"product_cat-fw-21","7":"pa_brand-sibi-hats","9":"first","10":"onbackorder","11":"taxable","12":"shipping-taxable","13":"purchasable","14":"product-type-simple"},"jetpack_sharing_enabled":true,"_links":{"self":[{"href":"https:\/\/sibihats.com\/tr\/wp-json\/wp\/v2\/product\/4337","targetHints":{"allow":["GET"]}}],"collection":[{"href":"https:\/\/sibihats.com\/tr\/wp-json\/wp\/v2\/product"}],"about":[{"href":"https:\/\/sibihats.com\/tr\/wp-json\/wp\/v2\/types\/product"}],"wp:featuredmedia":[{"embeddable":true,"href":"https:\/\/sibihats.com\/tr\/wp-json\/wp\/v2\/media\/4427"}],"wp:attachment":[{"href":"https:\/\/sibihats.com\/tr\/wp-json\/wp\/v2\/media?parent=4337"}],"wp:term":[{"taxonomy":"product_brand","embeddable":true,"href":"https:\/\/sibihats.com\/tr\/wp-json\/wp\/v2\/product_brand?post=4337"},{"taxonomy":"product_cat","embeddable":true,"href":"https:\/\/sibihats.com\/tr\/wp-json\/wp\/v2\/product_cat?post=4337"},{"taxonomy":"product_tag","embeddable":true,"href":"https:\/\/sibihats.com\/tr\/wp-json\/wp\/v2\/product_tag?post=4337"}],"curies":[{"name":"wp","href":"https:\/\/api.w.org\/{rel}","templated":true}]}}