{"id":4306,"date":"2021-10-28T13:08:57","date_gmt":"2021-10-28T10:08:57","guid":{"rendered":"https:\/\/shop.sibihats.com\/?post_type=product&#038;p=4306"},"modified":"2025-11-08T14:10:24","modified_gmt":"2025-11-08T11:10:24","slug":"cloe","status":"publish","type":"product","link":"https:\/\/sibihats.com\/tr\/product\/cloe\/","title":{"rendered":"CLO\u00c9 - Bere \u015eapka"},"content":{"rendered":"<p><em>\u2022 Delivery time 1-3 weeks.<\/em><\/p>\n<p><em>\u2022 Spot cleaning only.<br \/>\n- SIBI \u015fapka kutusu i\u00e7inde gelir.<\/em><br \/>\n<em>\u2022 Fully Handmade<\/em><br \/>\n<em>- \u00d6zel sorular\u0131n\u0131z i\u00e7in l\u00fctfen <a href=\"https:\/\/sibihats.com\/tr\/iletisim\/?v=ea5ee3073194\">Bize ula\u015f\u0131n.<\/a><\/em><br \/>\n<em>- SIBI \u015fapka kutusu i\u00e7inde gelir.<\/em><\/p>","protected":false},"excerpt":{"rendered":"<p>Part sophisticated, part sweet, beret hats are set to become your new go-to fashion item.<br \/>\nThis hand-blocked French beret in unique SIBI form was crafted from fine rabbit fur felt in peach bloom finish, and decorated with a pink swirl on top.<\/p>\n<p>&nbsp;<\/p>","protected":false},"featured_media":4379,"template":"","meta":[],"product_brand":[],"product_cat":[83],"product_tag":[],"class_list":{"0":"post-4306","1":"product","2":"type-product","3":"status-publish","4":"has-post-thumbnail","6":"product_cat-fw-21","7":"pa_brand-sibi-hats","9":"first","10":"onbackorder","11":"taxable","12":"shipping-taxable","13":"purchasable","14":"product-type-variable"},"jetpack_sharing_enabled":true,"_links":{"self":[{"href":"https:\/\/sibihats.com\/tr\/wp-json\/wp\/v2\/product\/4306","targetHints":{"allow":["GET"]}}],"collection":[{"href":"https:\/\/sibihats.com\/tr\/wp-json\/wp\/v2\/product"}],"about":[{"href":"https:\/\/sibihats.com\/tr\/wp-json\/wp\/v2\/types\/product"}],"wp:featuredmedia":[{"embeddable":true,"href":"https:\/\/sibihats.com\/tr\/wp-json\/wp\/v2\/media\/4379"}],"wp:attachment":[{"href":"https:\/\/sibihats.com\/tr\/wp-json\/wp\/v2\/media?parent=4306"}],"wp:term":[{"taxonomy":"product_brand","embeddable":true,"href":"https:\/\/sibihats.com\/tr\/wp-json\/wp\/v2\/product_brand?post=4306"},{"taxonomy":"product_cat","embeddable":true,"href":"https:\/\/sibihats.com\/tr\/wp-json\/wp\/v2\/product_cat?post=4306"},{"taxonomy":"product_tag","embeddable":true,"href":"https:\/\/sibihats.com\/tr\/wp-json\/wp\/v2\/product_tag?post=4306"}],"curies":[{"name":"wp","href":"https:\/\/api.w.org\/{rel}","templated":true}]}}