{"id":4300,"date":"2021-10-28T12:55:35","date_gmt":"2021-10-28T09:55:35","guid":{"rendered":"https:\/\/shop.sibihats.com\/?post_type=product&#038;p=4300"},"modified":"2025-12-21T14:19:21","modified_gmt":"2025-12-21T11:19:21","slug":"coco","status":"publish","type":"product","link":"https:\/\/sibihats.com\/tr\/product\/coco\/","title":{"rendered":"COCO - Uzun T\u00fcyl\u00fc Tav\u015fan K\u00fcrk\u00fc Ke\u00e7e \u015eapka"},"content":{"rendered":"<p>Tamamen el yap\u0131m\u0131<\/p>\n<ul>\n<li><em>Production time 3-12 days.<\/em><\/li>\n<li><em>100% Rabbit Fur Felt.<\/em><\/li>\n<li><em>\u00d6zelle\u015ftirilmi\u015f renklerde mevcuttur.<\/em><\/li>\n<li><em>SIBI \u015fapka kutusu i\u00e7inde gelir.<\/em><\/li>\n<li><em>For special inquiries please <a href=\"https:\/\/sibihats.com\/tr\/iletisim\/?v=ea5ee3073194\">Bize ula\u015f\u0131n.<\/a><\/em><\/li>\n<\/ul>","protected":false},"excerpt":{"rendered":"<p data-start=\"98\" data-end=\"437\"><strong data-start=\"98\" data-end=\"106\">COCO<\/strong> is a bucket hat with an unmistakably stylish edge. Named after the impeccable woman who began with hats and became a legend in the fashion world, this design pays tribute to timeless elegance with a modern twist. It adds just the right amount of flair\u2014never overdone\u2014bringing instant personality to any look in a way few hats can.<\/p>\n<p data-start=\"439\" data-end=\"572\">Expertly crafted from longhair rabbit fur felt, COCO is finished with a dark brown French velvet ribbon trim for a refined, luxurious touch.<\/p>","protected":false},"featured_media":4462,"template":"","meta":[],"product_brand":[],"product_cat":[83],"product_tag":[],"class_list":{"0":"post-4300","1":"product","2":"type-product","3":"status-publish","4":"has-post-thumbnail","6":"product_cat-fw-21","7":"pa_brand-sibi-hats","9":"first","10":"onbackorder","11":"taxable","12":"shipping-taxable","13":"purchasable","14":"product-type-variable"},"jetpack_sharing_enabled":true,"_links":{"self":[{"href":"https:\/\/sibihats.com\/tr\/wp-json\/wp\/v2\/product\/4300","targetHints":{"allow":["GET"]}}],"collection":[{"href":"https:\/\/sibihats.com\/tr\/wp-json\/wp\/v2\/product"}],"about":[{"href":"https:\/\/sibihats.com\/tr\/wp-json\/wp\/v2\/types\/product"}],"wp:featuredmedia":[{"embeddable":true,"href":"https:\/\/sibihats.com\/tr\/wp-json\/wp\/v2\/media\/4462"}],"wp:attachment":[{"href":"https:\/\/sibihats.com\/tr\/wp-json\/wp\/v2\/media?parent=4300"}],"wp:term":[{"taxonomy":"product_brand","embeddable":true,"href":"https:\/\/sibihats.com\/tr\/wp-json\/wp\/v2\/product_brand?post=4300"},{"taxonomy":"product_cat","embeddable":true,"href":"https:\/\/sibihats.com\/tr\/wp-json\/wp\/v2\/product_cat?post=4300"},{"taxonomy":"product_tag","embeddable":true,"href":"https:\/\/sibihats.com\/tr\/wp-json\/wp\/v2\/product_tag?post=4300"}],"curies":[{"name":"wp","href":"https:\/\/api.w.org\/{rel}","templated":true}]}}