{"id":4271,"date":"2021-09-27T10:00:38","date_gmt":"2021-09-27T07:00:38","guid":{"rendered":"https:\/\/shop.sibihats.com\/?post_type=product&#038;p=4271"},"modified":"2025-11-14T19:37:03","modified_gmt":"2025-11-14T16:37:03","slug":"fairytale-beret","status":"publish","type":"product","link":"https:\/\/sibihats.com\/tr\/product\/fairytale-beret\/","title":{"rendered":"FAIRYTALE &#8211; Sequin Beret"},"content":{"rendered":"<p>There&#8217;s no denying that the beret has been around for decades. Wearing a beret hat is an immediate way to tell everyone that you know fashion and you know style. This unique sequined beret is a strong addition to your outfit that shows that you have a true high-class fashion style in you.<\/p>\n<p>IVORY<br \/>\nTamamen el yap\u0131m\u0131<\/p>\n<p><em>\u2022 Delivery time 3-6 days.<\/em><br \/>\n<em>\u2022 Adjustable size.<\/em><br \/>\n<em>- \u00d6zel sorular\u0131n\u0131z i\u00e7in l\u00fctfen <a href=\"https:\/\/sibihats.com\/tr\/iletisim\/?v=ea5ee3073194\">Bize ula\u015f\u0131n.<\/a><\/em><\/p>","protected":false},"excerpt":{"rendered":"<p>There&#8217;s no denying that the beret has been around for decades. Wearing a beret hat is an immediate way to tell everyone that you know fashion and you know style. This unique sequined beret is a strong addition to your outfit that shows that you have a true high-class fashion style in you. IVORY Fully [&#8230;]\n","protected":false},"featured_media":4272,"template":"","meta":[],"product_brand":[],"product_cat":[353,350],"product_tag":[],"class_list":{"0":"post-4271","1":"product","2":"type-product","3":"status-publish","4":"has-post-thumbnail","6":"product_cat-resort","7":"product_cat-sale","9":"first","10":"outofstock","11":"sale","12":"purchasable","13":"product-type-simple"},"jetpack_sharing_enabled":true,"_links":{"self":[{"href":"https:\/\/sibihats.com\/tr\/wp-json\/wp\/v2\/product\/4271","targetHints":{"allow":["GET"]}}],"collection":[{"href":"https:\/\/sibihats.com\/tr\/wp-json\/wp\/v2\/product"}],"about":[{"href":"https:\/\/sibihats.com\/tr\/wp-json\/wp\/v2\/types\/product"}],"wp:featuredmedia":[{"embeddable":true,"href":"https:\/\/sibihats.com\/tr\/wp-json\/wp\/v2\/media\/4272"}],"wp:attachment":[{"href":"https:\/\/sibihats.com\/tr\/wp-json\/wp\/v2\/media?parent=4271"}],"wp:term":[{"taxonomy":"product_brand","embeddable":true,"href":"https:\/\/sibihats.com\/tr\/wp-json\/wp\/v2\/product_brand?post=4271"},{"taxonomy":"product_cat","embeddable":true,"href":"https:\/\/sibihats.com\/tr\/wp-json\/wp\/v2\/product_cat?post=4271"},{"taxonomy":"product_tag","embeddable":true,"href":"https:\/\/sibihats.com\/tr\/wp-json\/wp\/v2\/product_tag?post=4271"}],"curies":[{"name":"wp","href":"https:\/\/api.w.org\/{rel}","templated":true}]}}