{"id":4160,"date":"2021-05-06T21:54:52","date_gmt":"2021-05-06T18:54:52","guid":{"rendered":"https:\/\/shop.sibihats.com\/?post_type=product&#038;p=4160"},"modified":"2025-02-14T15:11:08","modified_gmt":"2025-02-14T12:11:08","slug":"summer-wide-brim","status":"publish","type":"product","link":"https:\/\/sibihats.com\/tr\/product\/summer-wide-brim\/","title":{"rendered":"SUMMER Wide Brim"},"content":{"rendered":"<p>Wide-brimmed hats are fun, they are different, and they are a conversation piece. PLUS they are very much in trend.<\/p>\n<p>This Extra-wide brim bucket hat crafted from printed lightweight cotton for you<\/p>\n<p>MULTICOLOR<br \/>\nTamamen el yap\u0131m\u0131<\/p>\n<p><em>\u2022 Delivery time 3-6 days.<\/em><br \/>\n<em>\u2022 Adjustable size.<\/em><br \/>\n<em>- \u00d6zel sorular\u0131n\u0131z i\u00e7in l\u00fctfen <a href=\"https:\/\/sibihats.com\/tr\/iletisim\/?v=ea5ee3073194\">Bize ula\u015f\u0131n.<\/a><\/em><br \/>\n<em>\u2022 Dry cleaning only.<\/em><\/p>","protected":false},"excerpt":{"rendered":"<p>Wide-brimmed hats are fun, they are different, and they are a conversation piece. PLUS they are very much in trend. This Extra-wide brim bucket hat crafted from printed lightweight cotton for you MULTICOLOR Fully handmade \u2022 Delivery time 3-6 days. \u2022 Adjustable size. \u2022 For special inquiries please contact us. \u2022 Dry cleaning only.<\/p>","protected":false},"featured_media":4162,"template":"","meta":[],"product_brand":[],"product_cat":[350],"product_tag":[],"class_list":{"0":"post-4160","1":"product","2":"type-product","3":"status-publish","4":"has-post-thumbnail","6":"product_cat-sale","8":"first","9":"instock","10":"sale","11":"purchasable","12":"product-type-simple"},"jetpack_sharing_enabled":true,"_links":{"self":[{"href":"https:\/\/sibihats.com\/tr\/wp-json\/wp\/v2\/product\/4160","targetHints":{"allow":["GET"]}}],"collection":[{"href":"https:\/\/sibihats.com\/tr\/wp-json\/wp\/v2\/product"}],"about":[{"href":"https:\/\/sibihats.com\/tr\/wp-json\/wp\/v2\/types\/product"}],"wp:featuredmedia":[{"embeddable":true,"href":"https:\/\/sibihats.com\/tr\/wp-json\/wp\/v2\/media\/4162"}],"wp:attachment":[{"href":"https:\/\/sibihats.com\/tr\/wp-json\/wp\/v2\/media?parent=4160"}],"wp:term":[{"taxonomy":"product_brand","embeddable":true,"href":"https:\/\/sibihats.com\/tr\/wp-json\/wp\/v2\/product_brand?post=4160"},{"taxonomy":"product_cat","embeddable":true,"href":"https:\/\/sibihats.com\/tr\/wp-json\/wp\/v2\/product_cat?post=4160"},{"taxonomy":"product_tag","embeddable":true,"href":"https:\/\/sibihats.com\/tr\/wp-json\/wp\/v2\/product_tag?post=4160"}],"curies":[{"name":"wp","href":"https:\/\/api.w.org\/{rel}","templated":true}]}}