{"id":4157,"date":"2021-05-06T21:49:29","date_gmt":"2021-05-06T18:49:29","guid":{"rendered":"https:\/\/shop.sibihats.com\/?post_type=product&#038;p=4157"},"modified":"2025-02-14T14:57:48","modified_gmt":"2025-02-14T11:57:48","slug":"simone","status":"publish","type":"product","link":"https:\/\/sibihats.com\/tr\/product\/simone\/","title":{"rendered":"SIMONE"},"content":{"rendered":"<p>Wearing a beret hat is an immediate way to tell everyone that you know fashion and you know style. This funky summer beret was crafted from a 100% cotton brocade that shows that you have a true high-class fashion style in you.<\/p>\n<p>ORANGE<br \/>\nTamamen el yap\u0131m\u0131<\/p>\n<p><em>\u2022 Delivery time 3-6 days.<\/em><br \/>\n<em>\u2022 Adjustable size.<\/em><br \/>\n<em>- \u00d6zel sorular\u0131n\u0131z i\u00e7in l\u00fctfen <a href=\"https:\/\/sibihats.com\/tr\/iletisim\/?v=ea5ee3073194\">Bize ula\u015f\u0131n.<\/a><\/em><\/p>","protected":false},"excerpt":{"rendered":"<p>Wearing a beret hat is an immediate way to tell everyone that you know fashion and you know style. This funky summer beret was crafted from a 100% cotton brocade that shows that you have a true high-class fashion style in you. ORANGE Fully handmade \u2022 Delivery time 3-6 days. \u2022 Adjustable size. \u2022 For [&#8230;]\n","protected":false},"featured_media":4159,"template":"","meta":[],"product_brand":[],"product_cat":[350],"product_tag":[],"class_list":{"0":"post-4157","1":"product","2":"type-product","3":"status-publish","4":"has-post-thumbnail","6":"product_cat-sale","8":"first","9":"instock","10":"sale","11":"purchasable","12":"product-type-simple"},"jetpack_sharing_enabled":true,"_links":{"self":[{"href":"https:\/\/sibihats.com\/tr\/wp-json\/wp\/v2\/product\/4157","targetHints":{"allow":["GET"]}}],"collection":[{"href":"https:\/\/sibihats.com\/tr\/wp-json\/wp\/v2\/product"}],"about":[{"href":"https:\/\/sibihats.com\/tr\/wp-json\/wp\/v2\/types\/product"}],"wp:featuredmedia":[{"embeddable":true,"href":"https:\/\/sibihats.com\/tr\/wp-json\/wp\/v2\/media\/4159"}],"wp:attachment":[{"href":"https:\/\/sibihats.com\/tr\/wp-json\/wp\/v2\/media?parent=4157"}],"wp:term":[{"taxonomy":"product_brand","embeddable":true,"href":"https:\/\/sibihats.com\/tr\/wp-json\/wp\/v2\/product_brand?post=4157"},{"taxonomy":"product_cat","embeddable":true,"href":"https:\/\/sibihats.com\/tr\/wp-json\/wp\/v2\/product_cat?post=4157"},{"taxonomy":"product_tag","embeddable":true,"href":"https:\/\/sibihats.com\/tr\/wp-json\/wp\/v2\/product_tag?post=4157"}],"curies":[{"name":"wp","href":"https:\/\/api.w.org\/{rel}","templated":true}]}}