{"id":4066,"date":"2021-05-06T07:35:54","date_gmt":"2021-05-06T04:35:54","guid":{"rendered":"https:\/\/shop.sibihats.com\/?post_type=product&#038;p=4066"},"modified":"2025-02-14T15:12:05","modified_gmt":"2025-02-14T12:12:05","slug":"taylor","status":"publish","type":"product","link":"https:\/\/sibihats.com\/tr\/product\/taylor\/","title":{"rendered":"TAYLOR &#8211; Vented Straw Boater Hat"},"content":{"rendered":"<p>Boater hats have become a &#8220;must-have&#8221; for any event. This lightweight boater was crafted from vented raffia straw, and trimmed with french grosgrain ribbon.<\/p>\n<p>NATURAL<\/p>\n<p>Raffia Straw<br \/>\nTamamen el yap\u0131m\u0131<\/p>\n<p><em>\u2022 Delivery time 2-9 days.<\/em><br \/>\n<em>\u2022 Adjustable size.<\/em><br \/>\n<em>- \u00d6zel sorular\u0131n\u0131z i\u00e7in l\u00fctfen <a href=\"https:\/\/sibihats.com\/tr\/iletisim\/?v=ea5ee3073194\">Bize ula\u015f\u0131n.<\/a><\/em><br \/>\n<em>- SIBI \u015fapka kutusu i\u00e7inde gelir.<\/em><\/p>","protected":false},"excerpt":{"rendered":"<p>Boater hats have become a &#8220;must-have&#8221; for any event. This lightweight boater was crafted from vented raffia straw, and trimmed with french grosgrain ribbon. NATURAL Raffia Straw Fully handmade \u2022 Delivery time 2-9 days. \u2022 Adjustable size. \u2022 For special inquiries please contact us. \u2022 Comes in SIBI hatbox.<\/p>","protected":false},"featured_media":4069,"template":"","meta":[],"product_brand":[],"product_cat":[327],"product_tag":[],"class_list":{"0":"post-4066","1":"product","2":"type-product","3":"status-publish","4":"has-post-thumbnail","6":"product_cat-straw-hats","7":"product_shipping_class-large-box","9":"first","10":"instock","11":"purchasable","12":"product-type-simple"},"jetpack_sharing_enabled":true,"_links":{"self":[{"href":"https:\/\/sibihats.com\/tr\/wp-json\/wp\/v2\/product\/4066","targetHints":{"allow":["GET"]}}],"collection":[{"href":"https:\/\/sibihats.com\/tr\/wp-json\/wp\/v2\/product"}],"about":[{"href":"https:\/\/sibihats.com\/tr\/wp-json\/wp\/v2\/types\/product"}],"wp:featuredmedia":[{"embeddable":true,"href":"https:\/\/sibihats.com\/tr\/wp-json\/wp\/v2\/media\/4069"}],"wp:attachment":[{"href":"https:\/\/sibihats.com\/tr\/wp-json\/wp\/v2\/media?parent=4066"}],"wp:term":[{"taxonomy":"product_brand","embeddable":true,"href":"https:\/\/sibihats.com\/tr\/wp-json\/wp\/v2\/product_brand?post=4066"},{"taxonomy":"product_cat","embeddable":true,"href":"https:\/\/sibihats.com\/tr\/wp-json\/wp\/v2\/product_cat?post=4066"},{"taxonomy":"product_tag","embeddable":true,"href":"https:\/\/sibihats.com\/tr\/wp-json\/wp\/v2\/product_tag?post=4066"}],"curies":[{"name":"wp","href":"https:\/\/api.w.org\/{rel}","templated":true}]}}