{"id":4015,"date":"2020-12-15T08:34:02","date_gmt":"2020-12-15T05:34:02","guid":{"rendered":"https:\/\/shop.sibihats.com\/?post_type=product&#038;p=4015"},"modified":"2025-02-14T09:38:55","modified_gmt":"2025-02-14T06:38:55","slug":"fiona-2","status":"publish","type":"product","link":"https:\/\/sibihats.com\/tr\/product\/fiona-2\/","title":{"rendered":"FIONA &#8211; Chunky Wool Collar"},"content":{"rendered":"<p>Fashion favorite Princess Diana&#8217;s reminder, the oversized collar. A styling hack to update any outfit.<\/p>\n<p>MULTICOLOUR<br \/>\nTamamen el yap\u0131m\u0131<\/p>\n<p><em>\u2022 Adjustable size.<\/em><br \/>\n<em>\u2022 Delivery time 2-5 days.<\/em><br \/>\n<em>- \u00d6zel sorular\u0131n\u0131z i\u00e7in l\u00fctfen <a href=\"https:\/\/sibihats.com\/tr\/iletisim\/?v=ea5ee3073194\">Bize ula\u015f\u0131n.<\/a><\/em><br \/>\n<em>\u2022 Dry cleaning only.<\/em><\/p>","protected":false},"excerpt":{"rendered":"<p>Fashion favorite Princess Diana&#8217;s reminder, the oversized collar. A styling hack to update any outfit. MULTICOLOUR Fully handmade \u2022 Adjustable size. \u2022 Delivery time 2-5 days. \u2022 For special inquiries please contact us. \u2022 Dry cleaning only.<\/p>","protected":false},"featured_media":4523,"template":"","meta":[],"product_brand":[],"product_cat":[350],"product_tag":[],"class_list":{"0":"post-4015","1":"product","2":"type-product","3":"status-publish","4":"has-post-thumbnail","6":"product_cat-sale","7":"pa_brand-sibi-hats","9":"first","10":"instock","11":"sale","12":"purchasable","13":"product-type-simple"},"jetpack_sharing_enabled":true,"_links":{"self":[{"href":"https:\/\/sibihats.com\/tr\/wp-json\/wp\/v2\/product\/4015","targetHints":{"allow":["GET"]}}],"collection":[{"href":"https:\/\/sibihats.com\/tr\/wp-json\/wp\/v2\/product"}],"about":[{"href":"https:\/\/sibihats.com\/tr\/wp-json\/wp\/v2\/types\/product"}],"wp:featuredmedia":[{"embeddable":true,"href":"https:\/\/sibihats.com\/tr\/wp-json\/wp\/v2\/media\/4523"}],"wp:attachment":[{"href":"https:\/\/sibihats.com\/tr\/wp-json\/wp\/v2\/media?parent=4015"}],"wp:term":[{"taxonomy":"product_brand","embeddable":true,"href":"https:\/\/sibihats.com\/tr\/wp-json\/wp\/v2\/product_brand?post=4015"},{"taxonomy":"product_cat","embeddable":true,"href":"https:\/\/sibihats.com\/tr\/wp-json\/wp\/v2\/product_cat?post=4015"},{"taxonomy":"product_tag","embeddable":true,"href":"https:\/\/sibihats.com\/tr\/wp-json\/wp\/v2\/product_tag?post=4015"}],"curies":[{"name":"wp","href":"https:\/\/api.w.org\/{rel}","templated":true}]}}