{"id":3840,"date":"2020-06-02T16:16:31","date_gmt":"2020-06-02T13:16:31","guid":{"rendered":"https:\/\/shop.sibihats.com\/product\/short-mountain-srtm-sbh\/"},"modified":"2025-02-14T15:13:50","modified_gmt":"2025-02-14T12:13:50","slug":"short-mountain-raffia-straw-boater-hat","status":"publish","type":"product","link":"https:\/\/sibihats.com\/tr\/product\/short-mountain-raffia-straw-boater-hat\/","title":{"rendered":"SHORT MOUNTAIN &#8211; Straw Boater Hat"},"content":{"rendered":"<p>Boater hats have become a &#8220;must-have&#8221; for any event. In addition to protecting you from the sun, this hand-blocked lightweight boater will add a touch of distinction and elegance to your outfit.\u00a0 Signature trimming makes it extra recognizable.<\/p>\n<p>NATURAL<\/p>\n<p>Raffia Straw<br \/>\nTamamen el yap\u0131m\u0131<\/p>\n<p><em>\u2022 Delivery time 2-9 days.<\/em><br \/>\n<em>\u2022 Adjustable size.<\/em><br \/>\n<em>- \u00d6zel sorular\u0131n\u0131z i\u00e7in l\u00fctfen <a href=\"https:\/\/sibihats.com\/tr\/iletisim\/?v=ea5ee3073194\">Bize ula\u015f\u0131n.<\/a><\/em><br \/>\n<em>- SIBI \u015fapka kutusu i\u00e7inde gelir.<\/em><\/p>","protected":false},"excerpt":{"rendered":"<p>Boater hats have become a &#8220;must-have&#8221; for any event. In addition to protecting you from the sun, this hand-blocked lightweight boater will add a touch of distinction and elegance to your outfit.\u00a0 Signature trimming makes it extra recognizable. NATURAL Raffia Straw Fully handmade \u2022 Delivery time 2-9 days. \u2022 Adjustable size. \u2022 For special inquiries [&#8230;]\n","protected":false},"featured_media":4236,"template":"","meta":[],"product_brand":[],"product_cat":[327],"product_tag":[],"class_list":{"0":"post-3840","1":"product","2":"type-product","3":"status-publish","4":"has-post-thumbnail","6":"product_cat-straw-hats","8":"first","9":"instock","10":"purchasable","11":"product-type-simple"},"jetpack_sharing_enabled":true,"_links":{"self":[{"href":"https:\/\/sibihats.com\/tr\/wp-json\/wp\/v2\/product\/3840","targetHints":{"allow":["GET"]}}],"collection":[{"href":"https:\/\/sibihats.com\/tr\/wp-json\/wp\/v2\/product"}],"about":[{"href":"https:\/\/sibihats.com\/tr\/wp-json\/wp\/v2\/types\/product"}],"wp:featuredmedia":[{"embeddable":true,"href":"https:\/\/sibihats.com\/tr\/wp-json\/wp\/v2\/media\/4236"}],"wp:attachment":[{"href":"https:\/\/sibihats.com\/tr\/wp-json\/wp\/v2\/media?parent=3840"}],"wp:term":[{"taxonomy":"product_brand","embeddable":true,"href":"https:\/\/sibihats.com\/tr\/wp-json\/wp\/v2\/product_brand?post=3840"},{"taxonomy":"product_cat","embeddable":true,"href":"https:\/\/sibihats.com\/tr\/wp-json\/wp\/v2\/product_cat?post=3840"},{"taxonomy":"product_tag","embeddable":true,"href":"https:\/\/sibihats.com\/tr\/wp-json\/wp\/v2\/product_tag?post=3840"}],"curies":[{"name":"wp","href":"https:\/\/api.w.org\/{rel}","templated":true}]}}