{"id":3830,"date":"2020-06-02T16:16:31","date_gmt":"2020-06-02T13:16:31","guid":{"rendered":"https:\/\/shop.sibihats.com\/product\/lavin-lvn-lh-blck\/"},"modified":"2025-07-14T13:48:30","modified_gmt":"2025-07-14T10:48:30","slug":"lavin-luxury-floral-print-black-linen-bucket-hat","status":"publish","type":"product","link":"https:\/\/sibihats.com\/tr\/product\/lavin-luxury-floral-print-black-linen-bucket-hat\/","title":{"rendered":"LAVIN"},"content":{"rendered":"<p>The bucket hat is less of a trend and more of a permanent fixture. It has transcended so many fashion movements over the years that it doesn\u2019t really have a bracket. It just keeps coming back. Why? it is easy to wear.<\/p>\n<p>LAVIN is a classic bucket hat crafted from luxury printed linen. Decorated with a very delicate shiny black grosgrain ribbon.<\/p>\n<p>S\u0130YAH<br \/>\nTamamen el yap\u0131m\u0131<\/p>\n<p><em>\u2022 Delivery time 3-6 days.<\/em><br \/>\n<em>\u2022 Adjustable size.<\/em><br \/>\n<em>- \u00d6zel sorular\u0131n\u0131z i\u00e7in l\u00fctfen <a href=\"https:\/\/sibihats.com\/tr\/iletisim\/?v=ea5ee3073194\">Bize ula\u015f\u0131n.<\/a><\/em><\/p>","protected":false},"excerpt":{"rendered":"<p>Black linen Bucket Hat<\/p>","protected":false},"featured_media":4037,"template":"","meta":[],"product_brand":[],"product_cat":[352,350],"product_tag":[],"class_list":{"0":"post-3830","1":"product","2":"type-product","3":"status-publish","4":"has-post-thumbnail","6":"product_cat-fabric-hats","7":"product_cat-sale","9":"first","10":"instock","11":"sale","12":"purchasable","13":"product-type-simple"},"jetpack_sharing_enabled":true,"_links":{"self":[{"href":"https:\/\/sibihats.com\/tr\/wp-json\/wp\/v2\/product\/3830","targetHints":{"allow":["GET"]}}],"collection":[{"href":"https:\/\/sibihats.com\/tr\/wp-json\/wp\/v2\/product"}],"about":[{"href":"https:\/\/sibihats.com\/tr\/wp-json\/wp\/v2\/types\/product"}],"wp:featuredmedia":[{"embeddable":true,"href":"https:\/\/sibihats.com\/tr\/wp-json\/wp\/v2\/media\/4037"}],"wp:attachment":[{"href":"https:\/\/sibihats.com\/tr\/wp-json\/wp\/v2\/media?parent=3830"}],"wp:term":[{"taxonomy":"product_brand","embeddable":true,"href":"https:\/\/sibihats.com\/tr\/wp-json\/wp\/v2\/product_brand?post=3830"},{"taxonomy":"product_cat","embeddable":true,"href":"https:\/\/sibihats.com\/tr\/wp-json\/wp\/v2\/product_cat?post=3830"},{"taxonomy":"product_tag","embeddable":true,"href":"https:\/\/sibihats.com\/tr\/wp-json\/wp\/v2\/product_tag?post=3830"}],"curies":[{"name":"wp","href":"https:\/\/api.w.org\/{rel}","templated":true}]}}