{"id":1471,"date":"2019-12-20T15:12:37","date_gmt":"2019-12-20T12:12:37","guid":{"rendered":"https:\/\/shop.sibihats.com\/product\/sibihats-marlenne-fedora-mrln-f\/"},"modified":"2022-09-08T12:09:01","modified_gmt":"2022-09-08T09:09:01","slug":"sibihats-marlenne-fedora-mrln-f","status":"publish","type":"product","link":"https:\/\/sibihats.com\/tr\/product\/sibihats-marlenne-fedora-mrln-f\/","title":{"rendered":"MARLENNE"},"content":{"rendered":"<p>Hand-blocked classic fedora in black. Slightly stiffed and high crowned.<br \/>\nCrafted from fine rabbit fur felt, trimmed with shimmery black grosgrain ribbon.<\/p>\n<p>Tamamen el yap\u0131m\u0131<\/p>\n<p>S\u0130YAH<\/p>\n<p>\u2022 Delivery time 3-10 days.<br \/>\n\u2022 Please see about hat sizing before order.<br \/>\n- \u00d6zel sorular\u0131n\u0131z i\u00e7in l\u00fctfen <a href=\"\/tr\/sales@sibihats.com\/\">Bize ula\u015f\u0131n.<\/a><br \/>\n\u2022 Comes in a SIBI hat-box.<\/p>","protected":false},"excerpt":{"rendered":"<p>Hand-blocked classic fedora in black. Slightly stiffed and high crowned. Crafted from fine rabbit fur felt, trimmed with shimmery black grosgrain ribbon. Fully handmade BLACK \u2022 Delivery time 3-10 days. \u2022 Please see about hat sizing before order. \u2022 For special inquiries please contact us. \u2022 Comes in a SIBI hat-box.<\/p>","protected":false},"featured_media":1109,"template":"","meta":[],"product_brand":[],"product_cat":[83],"product_tag":[],"class_list":{"0":"post-1471","1":"product","2":"type-product","3":"status-publish","4":"has-post-thumbnail","6":"product_cat-fw-21","7":"pa_brand-sibi-hats","9":"first","10":"instock","11":"taxable","12":"shipping-taxable","13":"purchasable","14":"product-type-variable"},"jetpack_sharing_enabled":true,"_links":{"self":[{"href":"https:\/\/sibihats.com\/tr\/wp-json\/wp\/v2\/product\/1471","targetHints":{"allow":["GET"]}}],"collection":[{"href":"https:\/\/sibihats.com\/tr\/wp-json\/wp\/v2\/product"}],"about":[{"href":"https:\/\/sibihats.com\/tr\/wp-json\/wp\/v2\/types\/product"}],"wp:featuredmedia":[{"embeddable":true,"href":"https:\/\/sibihats.com\/tr\/wp-json\/wp\/v2\/media\/1109"}],"wp:attachment":[{"href":"https:\/\/sibihats.com\/tr\/wp-json\/wp\/v2\/media?parent=1471"}],"wp:term":[{"taxonomy":"product_brand","embeddable":true,"href":"https:\/\/sibihats.com\/tr\/wp-json\/wp\/v2\/product_brand?post=1471"},{"taxonomy":"product_cat","embeddable":true,"href":"https:\/\/sibihats.com\/tr\/wp-json\/wp\/v2\/product_cat?post=1471"},{"taxonomy":"product_tag","embeddable":true,"href":"https:\/\/sibihats.com\/tr\/wp-json\/wp\/v2\/product_tag?post=1471"}],"curies":[{"name":"wp","href":"https:\/\/api.w.org\/{rel}","templated":true}]}}