{"id":1467,"date":"2019-12-20T15:12:37","date_gmt":"2019-12-20T12:12:37","guid":{"rendered":"https:\/\/shop.sibihats.com\/product\/sibihats-margot-beret-mrgt-b\/"},"modified":"2025-12-21T13:57:11","modified_gmt":"2025-12-21T10:57:11","slug":"sibihats-margot-beret-mrgt-b","status":"publish","type":"product","link":"https:\/\/sibihats.com\/tr\/product\/sibihats-margot-beret-mrgt-b\/","title":{"rendered":"MARGOT - Tav\u015fan K\u00fcrkl\u00fc Bere \u015eapka"},"content":{"rendered":"<p>\u2022 Delivery time 2-5 days.<br \/>\n\u2022 Please see about hat sizing before ordering.<br \/>\n\u2022 Spot cleaning only.<br \/>\n- SIBI \u015fapka kutusu i\u00e7inde gelir.<\/p>","protected":false},"excerpt":{"rendered":"<p>This hand-blocked French beret in unique SIBI form was crafted from long hair rabbit fur felt in cheetah print, and decorated with a swirl on top.<\/p>","protected":false},"featured_media":805,"template":"","meta":[],"product_brand":[],"product_cat":[83],"product_tag":[],"class_list":{"0":"post-1467","1":"product","2":"type-product","3":"status-publish","4":"has-post-thumbnail","6":"product_cat-fw-21","7":"pa_brand-sibi-hats","9":"first","10":"instock","11":"taxable","12":"shipping-taxable","13":"purchasable","14":"product-type-variable"},"jetpack_sharing_enabled":true,"_links":{"self":[{"href":"https:\/\/sibihats.com\/tr\/wp-json\/wp\/v2\/product\/1467","targetHints":{"allow":["GET"]}}],"collection":[{"href":"https:\/\/sibihats.com\/tr\/wp-json\/wp\/v2\/product"}],"about":[{"href":"https:\/\/sibihats.com\/tr\/wp-json\/wp\/v2\/types\/product"}],"wp:featuredmedia":[{"embeddable":true,"href":"https:\/\/sibihats.com\/tr\/wp-json\/wp\/v2\/media\/805"}],"wp:attachment":[{"href":"https:\/\/sibihats.com\/tr\/wp-json\/wp\/v2\/media?parent=1467"}],"wp:term":[{"taxonomy":"product_brand","embeddable":true,"href":"https:\/\/sibihats.com\/tr\/wp-json\/wp\/v2\/product_brand?post=1467"},{"taxonomy":"product_cat","embeddable":true,"href":"https:\/\/sibihats.com\/tr\/wp-json\/wp\/v2\/product_cat?post=1467"},{"taxonomy":"product_tag","embeddable":true,"href":"https:\/\/sibihats.com\/tr\/wp-json\/wp\/v2\/product_tag?post=1467"}],"curies":[{"name":"wp","href":"https:\/\/api.w.org\/{rel}","templated":true}]}}