{"id":1382,"date":"2019-12-20T15:12:37","date_gmt":"2019-12-20T12:12:37","guid":{"rendered":"https:\/\/shop.sibihats.com\/product\/sibihats-cloe-beret-cloe-b-blck\/"},"modified":"2023-10-12T15:16:03","modified_gmt":"2023-10-12T12:16:03","slug":"sibihats-cloe-beret-cloe-b-blck","status":"publish","type":"product","link":"https:\/\/sibihats.com\/tr\/product\/sibihats-cloe-beret-cloe-b-blck\/","title":{"rendered":"CLO\u00c9 Beret Hat"},"content":{"rendered":"<p>The classic accessory of Parisian artists is enjoying a major moment this fall, and we love it. Part sophisticated, part sweet, beret hats are set to become your new go-to fashion item.<br \/>\nThis hand-blocked French beret in unique SIBI form was crafted from fine rabbit fur felt in peach bloom finish, and decorated with a yellow swirl on top.<\/p>\n<p>S\u0130YAH<\/p>\n<p>Tamamen el yap\u0131m\u0131<\/p>\n<p><em>\u2022 Delivery time 2-5 days.<\/em><br \/>\n<em>\u2022 Please see about hat sizing before ordering.<\/em><br \/>\n<em>- \u00d6zel sorular\u0131n\u0131z i\u00e7in l\u00fctfen <a href=\"https:\/\/sibihats.com\/tr\/iletisim\/?v=ea5ee3073194\">Bize ula\u015f\u0131n.<\/a><\/em><br \/>\n<em>\u2022 Dry cleaning only.<\/em><br \/>\n<em>- SIBI \u015fapka kutusu i\u00e7inde gelir.<\/em><\/p>","protected":false},"excerpt":{"rendered":"<p>The classic accessory of Parisian artists is enjoying a major moment this fall, and we love it. Part sophisticated, part sweet, beret hats are set to become your new go-to fashion item. This hand-blocked French beret in unique SIBI form was crafted from fine rabbit fur felt in peach bloom finish, and decorated with a [&#8230;]\n","protected":false},"featured_media":4610,"template":"","meta":[],"product_brand":[],"product_cat":[83],"product_tag":[],"class_list":{"0":"post-1382","1":"product","2":"type-product","3":"status-publish","4":"has-post-thumbnail","6":"product_cat-fw-21","7":"pa_brand-sibi-hats","9":"first","10":"instock","11":"taxable","12":"shipping-taxable","13":"purchasable","14":"product-type-variable"},"jetpack_sharing_enabled":true,"_links":{"self":[{"href":"https:\/\/sibihats.com\/tr\/wp-json\/wp\/v2\/product\/1382","targetHints":{"allow":["GET"]}}],"collection":[{"href":"https:\/\/sibihats.com\/tr\/wp-json\/wp\/v2\/product"}],"about":[{"href":"https:\/\/sibihats.com\/tr\/wp-json\/wp\/v2\/types\/product"}],"wp:featuredmedia":[{"embeddable":true,"href":"https:\/\/sibihats.com\/tr\/wp-json\/wp\/v2\/media\/4610"}],"wp:attachment":[{"href":"https:\/\/sibihats.com\/tr\/wp-json\/wp\/v2\/media?parent=1382"}],"wp:term":[{"taxonomy":"product_brand","embeddable":true,"href":"https:\/\/sibihats.com\/tr\/wp-json\/wp\/v2\/product_brand?post=1382"},{"taxonomy":"product_cat","embeddable":true,"href":"https:\/\/sibihats.com\/tr\/wp-json\/wp\/v2\/product_cat?post=1382"},{"taxonomy":"product_tag","embeddable":true,"href":"https:\/\/sibihats.com\/tr\/wp-json\/wp\/v2\/product_tag?post=1382"}],"curies":[{"name":"wp","href":"https:\/\/api.w.org\/{rel}","templated":true}]}}