{"id":4870,"date":"2022-08-30T17:37:58","date_gmt":"2022-08-30T14:37:58","guid":{"rendered":"https:\/\/sibihats.com\/?page_id=4870"},"modified":"2026-04-23T20:22:10","modified_gmt":"2026-04-23T17:22:10","slug":"ana-sayfa-2","status":"publish","type":"page","link":"https:\/\/sibihats.com\/tr\/","title":{"rendered":"Ana Sayfa"},"content":{"rendered":"<section class=\"section hide-for-medium has-parallax\" id=\"section_755816873\">\n\t\t<div class=\"section-bg fill\" data-parallax-container=\".section\" data-parallax-background data-parallax=\"-5\">\n\t\t\t<img loading=\"lazy\" decoding=\"async\" width=\"2126\" height=\"1063\" src=\"https:\/\/sibihats.com\/wp-content\/uploads\/2022\/06\/PAMELA-edit.jpg\" class=\"bg attachment- size-\" alt=\"PAMELA HASIR \u015eAPKALAR AFI\u015e\" \/>\t\t\t\t\t\t\n\t\t\t\n\n\t\t<\/div>\n\n\t\t\n\n\t\t<div class=\"section-content relative\">\n\t\t\t\n<div class=\"row align-middle align-center\"  id=\"row-1406054\">\n\n\t<div id=\"col-294494163\" class=\"col medium-8 small-12 large-8\"  data-animate=\"flipInY\">\n\t\t\t\t<div class=\"col-inner text-left\"  >\n\t\t\t\n\t\t\t\n\t<div id=\"gap-1610343218\" class=\"gap-element clearfix\" style=\"display:block; height:auto;\">\n\t\t\n<style>\n#gap-1610343218 {\n  padding-top: 30px;\n}\n<\/style>\n\t<\/div>\n\t\n\t\t<\/div>\n\t\t\t\t\t<\/div>\n\n\t\n\n\t<div id=\"col-139149701\" class=\"col medium-4 small-12 large-4\"  >\n\t\t\t\t<div class=\"col-inner text-center dark\"  >\n\t\t\t\n\t\t\t\n\t<div id=\"text-2945911948\" class=\"text hidden\">\n\t\t\n<p style=\"font-family: arial; color: white; font-size: 18pt; line-height: 0em;\"><em><b>Pamela'm\u0131z Zamans\u0131z Bir \u0130kon<\/b><\/em><\/p>\n\t\t\n<style>\n#text-2945911948 {\n  font-size: 1.05rem;\n  color: #6d6d6d;\n}\n#text-2945911948 > * {\n  color: #6d6d6d;\n}\n<\/style>\n\t<\/div>\n\t\n<a href=\"https:\/\/sibihats.com\/tr\/urun-kategori\/hasir-sapkalar\/\" class=\"button white hidden\" >\n\t\t<span>YAZ<\/span>\n\t<\/a>\n\n\t\t<\/div>\n\t\t\t\t\t<\/div>\n\n\t\n<\/div>\n\t\t<\/div>\n\n\t\t\n<style>\n#section_755816873 {\n  padding-top: 59px;\n  padding-bottom: 59px;\n  min-height: 660px;\n}\n<\/style>\n\t<\/section>\n\t\n\n\t<section class=\"section show-for-small has-parallax\" id=\"section_1254744331\">\n\t\t<div class=\"section-bg fill\" data-parallax-container=\".section\" data-parallax-background data-parallax=\"-5\">\n\t\t\t<img loading=\"lazy\" decoding=\"async\" width=\"1500\" height=\"1500\" src=\"https:\/\/sibihats.com\/wp-content\/uploads\/2026\/04\/IMMRN-2.jpg.avif\" class=\"bg attachment-2048x2048 size-2048x2048\" alt=\"\" \/>\t\t\t\t\t\t\n\t\t\t\n\n\t\t<\/div>\n\n\t\t\n\n\t\t<div class=\"section-content relative\">\n\t\t\t\n<div class=\"row align-middle align-center\"  id=\"row-1107932437\">\n\n\t<div id=\"col-2130770636\" class=\"col medium-6 small-12 large-6\"  data-animate=\"flipInY\">\n\t\t\t\t<div class=\"col-inner text-left\"  >\n\t\t\t\n\t\t\t\n\t<div id=\"gap-1248981655\" class=\"gap-element clearfix\" style=\"display:block; height:auto;\">\n\t\t\n<style>\n#gap-1248981655 {\n  padding-top: 30px;\n}\n<\/style>\n\t<\/div>\n\t\n\t\t<\/div>\n\t\t\t\t\t<\/div>\n\n\t\n\n\t<div id=\"col-740783056\" class=\"col medium-5 small-12 large-5\"  >\n\t\t\t\t<div class=\"col-inner text-center dark\"  >\n\t\t\t\n\t\t\t\n\t<div id=\"gap-1678692029\" class=\"gap-element clearfix\" style=\"display:block; height:auto;\">\n\t\t\n<style>\n#gap-1678692029 {\n  padding-top: 240px;\n}\n<\/style>\n\t<\/div>\n\t\n\t\t<\/div>\n\t\t\t\t\t<\/div>\n\n\t\n\n<style>\n#row-1107932437 > .col > .col-inner {\n  border-radius: 8px;\n}\n<\/style>\n<\/div>\n\t\t<\/div>\n\n\t\t\n<style>\n#section_1254744331 {\n  padding-top: 0px;\n  padding-bottom: 0px;\n  min-height: 400px;\n}\n@media (min-width:550px) {\n  #section_1254744331 {\n    padding-top: 59px;\n    padding-bottom: 59px;\n    min-height: 500px;\n  }\n}\n<\/style>\n\t<\/section>","protected":false},"excerpt":{"rendered":"","protected":false},"author":1,"featured_media":0,"parent":0,"menu_order":0,"comment_status":"closed","ping_status":"closed","template":"page-blank.php","meta":{"footnotes":""},"class_list":["post-4870","page","type-page","status-publish","hentry"],"jetpack_sharing_enabled":true,"_links":{"self":[{"href":"https:\/\/sibihats.com\/tr\/wp-json\/wp\/v2\/pages\/4870","targetHints":{"allow":["GET"]}}],"collection":[{"href":"https:\/\/sibihats.com\/tr\/wp-json\/wp\/v2\/pages"}],"about":[{"href":"https:\/\/sibihats.com\/tr\/wp-json\/wp\/v2\/types\/page"}],"author":[{"embeddable":true,"href":"https:\/\/sibihats.com\/tr\/wp-json\/wp\/v2\/users\/1"}],"replies":[{"embeddable":true,"href":"https:\/\/sibihats.com\/tr\/wp-json\/wp\/v2\/comments?post=4870"}],"version-history":[{"count":76,"href":"https:\/\/sibihats.com\/tr\/wp-json\/wp\/v2\/pages\/4870\/revisions"}],"predecessor-version":[{"id":12297,"href":"https:\/\/sibihats.com\/tr\/wp-json\/wp\/v2\/pages\/4870\/revisions\/12297"}],"wp:attachment":[{"href":"https:\/\/sibihats.com\/tr\/wp-json\/wp\/v2\/media?parent=4870"}],"curies":[{"name":"wp","href":"https:\/\/api.w.org\/{rel}","templated":true}]}}