{"id":1205,"date":"2019-12-12T19:12:45","date_gmt":"2019-12-12T16:12:45","guid":{"rendered":"http:\/\/shop.sibihats.com\/?page_id=1205"},"modified":"2023-12-06T23:53:03","modified_gmt":"2023-12-06T20:53:03","slug":"gonderi%cc%87-i%cc%87ade-poli%cc%87ti%cc%87kasi","status":"publish","type":"page","link":"https:\/\/sibihats.com\/tr\/shipping-return-policy\/","title":{"rendered":"G\u00d6NDERI\u0307M VE I\u0307ADE POLI\u0307TI\u0307KASI"},"content":{"rendered":"<div class=\"row\"  id=\"row-1280814968\">\n\n\n\t<div id=\"col-1606172024\" class=\"col small-12 large-12\"  >\n\t\t\t\t<div class=\"col-inner\"  >\n\t\t\t\n\t\t\t\n\n  <div id=\"page-header-540561188\" class=\"page-header-wrapper\">\n  <div class=\"page-title light simple-title\">\n\n    \n    <div class=\"page-title-inner container align-center flex-row medium-flex-wrap\" >\n              <div class=\"title-wrapper flex-col text-left medium-text-center\">\n          <h1 class=\"entry-title mb-0\">\n            G\u00d6NDERI\u0307M VE I\u0307ADE POLI\u0307TI\u0307KASI          <\/h1>\n        <\/div>\n                    <div class=\"title-content flex-col flex-right text-right medium-text-center\">\n              <\/div>\n    <\/div>\n\n       <\/div>\n    <\/div>\n  \n\n<div><span style=\"font-size: 170%; color: #282828;\">KARGO<\/span><\/div>\n<div>\n<p><span style=\"color: #282828; font-size: 100%;\">T\u00fcm sipari\u015fler Pazartesi'den Cuma'ya kadar yerel kurye ile g\u00f6nderilir. Teslimatta imza gereklidir.<\/span><\/p>\n<p><span style=\"color: #282828; font-size: 100%;\">\u00d6demeniz al\u0131nd\u0131ktan sonra size bir onay e-postas\u0131 g\u00f6nderece\u011fiz.<\/span><\/p>\n<p><span style=\"color: #282828; font-size: 100%;\">Sipari\u015fler tatiller hari\u00e7 2-7 i\u015f g\u00fcn\u00fc i\u00e7inde i\u015fleme al\u0131n\u0131r.<\/span><\/p>\n<p><span style=\"color: #282828; font-size: 100%;\">Do\u011fan\u0131n zorlamas\u0131 veya di\u011fer kontrol edilemeyen olaylar nedeniyle nakliye veya teslimatta meydana gelen gecikmelerden sorumlu de\u011filiz.<\/span><\/p>\n<p><span style=\"color: #282828; font-size: 100%;\"><strong>Takibi ald\u0131ktan sonra sipari\u015finizi teslim almak i\u00e7in l\u00fctfen 2-3 i\u015f g\u00fcn\u00fcne kadar bekleyin.<\/strong><\/span><\/p>\n<p><span style=\"color: #282828; font-size: 100%;\">Uluslararas\u0131 sipari\u015fler i\u00e7in 3-7 i\u015f g\u00fcn\u00fc beklenmelidir.<\/span><\/p>\n<p><span style=\"color: #282828; font-size: 100%;\"><strong>Uluslararas\u0131 sipari\u015flerde har\u00e7 veya vergilerden al\u0131c\u0131n\u0131n sorumlu oldu\u011funu l\u00fctfen unutmay\u0131n. Bunlar dahil de\u011fildir.<\/strong><\/span><\/p>\n<p><span style=\"color: #282828; font-size: 170%;\">\u0130ADE POL\u0130T\u0130KASI<\/span><\/p>\n<p><span style=\"color: #282828; font-size: 100%;\">Her SIBI sizin i\u00e7in sipari\u015f \u00fczerine el yap\u0131m\u0131d\u0131r, bu nedenle s\u0131n\u0131rl\u0131 iade ve de\u011fi\u015fim kabul ediyoruz.<\/span><\/p>\n<p><span style=\"color: #282828; font-size: 100%;\">Ana dile\u011fimiz, yeni SIBI'n\u0131za A\u015eIK olman\u0131zd\u0131r, bu nedenle herhangi bir nedenle a\u015f\u0131k de\u011filseniz, l\u00fctfen ald\u0131ktan sonraki 5 g\u00fcn i\u00e7inde g\u00f6r\u00fc\u015fmek i\u00e7in bizimle ileti\u015fime ge\u00e7in.<\/span><\/p>\n<p><span style=\"color: #282828; font-size: 100%;\"><strong>L\u00fctfen dikkat: T\u00fcm iadeler masraflar\u0131 m\u00fc\u015fteriye ait olmak \u00fczere yap\u0131l\u0131r.<\/strong> T\u00fcm iadeler m\u00fc\u015fterinin sorumlulu\u011fundad\u0131r. \u00dcr\u00fcn kalitesi gerekli standartlar\u0131 kar\u015f\u0131lam\u0131yorsa, masraflar\u0131 m\u00fc\u015fteriye ait olmak \u00fczere iade edilecektir. De\u011fi\u015fim\/iade s\u00fcrecinde yetersiz paketlemeden kaynaklanan hasarl\u0131 \u00fcr\u00fcnler onaylanmayacak ve bu t\u00fcr \u00fcr\u00fcnler masraflar\u0131 m\u00fc\u015fteriye ait olmak \u00fczere iade edilecektir.<\/span><\/p>\n<p><span style=\"color: #282828; font-size: 100%;\">\u0130ade veya de\u011fi\u015fim talepleri i\u00e7in \u015fu adrese bir talep g\u00f6nderin <a href=\"mailto:sales@sibihats.com\">sales@sibihats.com<\/a><\/span><\/p>\n<\/div>\n<div>\n<p><span style=\"color: #282828; font-size: 100%;\"><strong>Orijinal ve iade kargo \u00fccretlerinin iade edilmeyece\u011fini l\u00fctfen unutmay\u0131n.<\/strong><u><\/u><u><\/u><\/span><\/p>\n<\/div>\n<p><span style=\"color: #282828; font-size: 100%;\">Para iadeleri, iade edilen mallar\u0131n kabul edilmesinden itibaren 14 i\u015f g\u00fcn\u00fc i\u00e7inde hesab\u0131n\u0131za yap\u0131lacakt\u0131r.\u00a0<u><\/u><u><\/u><\/span><\/p>\n<p><span style=\"font-size: 100%; color: #282828;\"><b>Ki\u015fiselle\u015ftirilmi\u015f veya \u00f6zelle\u015ftirilmi\u015f \u00fcr\u00fcnler iade edilemez.<\/b><\/span><\/p>\n\n\t\t<\/div>\n\t\t\t\t\t<\/div>\n\n\t\n\n<\/div>","protected":false},"excerpt":{"rendered":"","protected":false},"author":1,"featured_media":0,"parent":0,"menu_order":0,"comment_status":"closed","ping_status":"open","template":"","meta":{"footnotes":""},"class_list":["post-1205","page","type-page","status-publish","hentry"],"jetpack_sharing_enabled":true,"_links":{"self":[{"href":"https:\/\/sibihats.com\/tr\/wp-json\/wp\/v2\/pages\/1205","targetHints":{"allow":["GET"]}}],"collection":[{"href":"https:\/\/sibihats.com\/tr\/wp-json\/wp\/v2\/pages"}],"about":[{"href":"https:\/\/sibihats.com\/tr\/wp-json\/wp\/v2\/types\/page"}],"author":[{"embeddable":true,"href":"https:\/\/sibihats.com\/tr\/wp-json\/wp\/v2\/users\/1"}],"replies":[{"embeddable":true,"href":"https:\/\/sibihats.com\/tr\/wp-json\/wp\/v2\/comments?post=1205"}],"version-history":[{"count":7,"href":"https:\/\/sibihats.com\/tr\/wp-json\/wp\/v2\/pages\/1205\/revisions"}],"predecessor-version":[{"id":5722,"href":"https:\/\/sibihats.com\/tr\/wp-json\/wp\/v2\/pages\/1205\/revisions\/5722"}],"wp:attachment":[{"href":"https:\/\/sibihats.com\/tr\/wp-json\/wp\/v2\/media?parent=1205"}],"curies":[{"name":"wp","href":"https:\/\/api.w.org\/{rel}","templated":true}]}}