{"id":1199,"date":"2019-12-12T19:08:15","date_gmt":"2019-12-12T16:08:15","guid":{"rendered":"http:\/\/shop.sibihats.com\/?page_id=1199"},"modified":"2021-04-07T00:21:03","modified_gmt":"2021-04-06T21:21:03","slug":"sss-2","status":"publish","type":"page","link":"https:\/\/sibihats.com\/tr\/faq-2\/","title":{"rendered":"SSS"},"content":{"rendered":"<div class=\"row\"  id=\"row-1568306222\">\n\n\n\t<div id=\"col-1884949441\" class=\"col small-12 large-12\"  >\n\t\t\t\t<div class=\"col-inner\"  >\n\t\t\t\n\t\t\t\n\n  <div id=\"page-header-1370905983\" class=\"page-header-wrapper\">\n  <div class=\"page-title light simple-title\">\n\n    \n    <div class=\"page-title-inner container align-center flex-row medium-flex-wrap\" >\n              <div class=\"title-wrapper flex-col text-left medium-text-center\">\n          <h1 class=\"entry-title mb-0\">\n            \u015eARTLAR &amp; KO\u015eULLAR          <\/h1>\n        <\/div>\n                    <div class=\"title-content flex-col flex-right text-right medium-text-center\">\n              <\/div>\n    <\/div>\n\n       <\/div>\n    <\/div>\n  \n\n<div>Sipari\u015finiz veya \u00fcr\u00fcnlerinizle ilgili sorular\u0131n\u0131z i\u00e7in l\u00fctfen\u00a0<strong><a href=\"http:\/\/sibihats.com\/tr\/yeni\/iletisim\/\">Bize ula\u015f\u0131n<\/a><\/strong><\/div>\n\n\t\t<\/div>\n\t\t\t\t\t<\/div>\n\n\t\n\n<\/div>","protected":false},"excerpt":{"rendered":"","protected":false},"author":1,"featured_media":0,"parent":0,"menu_order":0,"comment_status":"closed","ping_status":"open","template":"","meta":{"footnotes":""},"class_list":["post-1199","page","type-page","status-publish","hentry"],"jetpack_sharing_enabled":true,"_links":{"self":[{"href":"https:\/\/sibihats.com\/tr\/wp-json\/wp\/v2\/pages\/1199","targetHints":{"allow":["GET"]}}],"collection":[{"href":"https:\/\/sibihats.com\/tr\/wp-json\/wp\/v2\/pages"}],"about":[{"href":"https:\/\/sibihats.com\/tr\/wp-json\/wp\/v2\/types\/page"}],"author":[{"embeddable":true,"href":"https:\/\/sibihats.com\/tr\/wp-json\/wp\/v2\/users\/1"}],"replies":[{"embeddable":true,"href":"https:\/\/sibihats.com\/tr\/wp-json\/wp\/v2\/comments?post=1199"}],"version-history":[{"count":5,"href":"https:\/\/sibihats.com\/tr\/wp-json\/wp\/v2\/pages\/1199\/revisions"}],"predecessor-version":[{"id":4054,"href":"https:\/\/sibihats.com\/tr\/wp-json\/wp\/v2\/pages\/1199\/revisions\/4054"}],"wp:attachment":[{"href":"https:\/\/sibihats.com\/tr\/wp-json\/wp\/v2\/media?parent=1199"}],"curies":[{"name":"wp","href":"https:\/\/api.w.org\/{rel}","templated":true}]}}