{"id":1196,"date":"2019-12-12T19:06:28","date_gmt":"2019-12-12T16:06:28","guid":{"rendered":"http:\/\/shop.sibihats.com\/?page_id=1196"},"modified":"2021-04-07T00:10:12","modified_gmt":"2021-04-06T21:10:12","slug":"bakim-deposu","status":"publish","type":"page","link":"https:\/\/sibihats.com\/tr\/care-storage\/","title":{"rendered":"BAKIM &amp; DEPOLAMA"},"content":{"rendered":"<div class=\"row\"  id=\"row-2046618577\">\n\n\n\t<div id=\"col-681458952\" class=\"col small-12 large-12\"  >\n\t\t\t\t<div class=\"col-inner\"  >\n\t\t\t\n\t\t\t\n\n  <div id=\"page-header-1270219415\" class=\"page-header-wrapper\">\n  <div class=\"page-title light simple-title\">\n\n    \n    <div class=\"page-title-inner container align-center flex-row medium-flex-wrap\" >\n              <div class=\"title-wrapper flex-col text-left medium-text-center\">\n          <h1 class=\"entry-title mb-0\">\n            BAKIM &amp; DEPOLAMA          <\/h1>\n        <\/div>\n                    <div class=\"title-content flex-col flex-right text-right medium-text-center\">\n              <\/div>\n    <\/div>\n\n       <\/div>\n    <\/div>\n  \n\n<p>El yap\u0131m\u0131 SIBI \u015fapkan\u0131z hassast\u0131r. Sevilmesi ve nazik\u00e7e kullan\u0131lmas\u0131 gerekir.<br>L\u00fctfen \u015fapkan\u0131z\u0131n ya\u011fmurda giyilmek \u00fczere tasarlanmad\u0131\u011f\u0131n\u0131, ancak baz\u0131 sa\u011fanaklara dayanabilece\u011fini unutmay\u0131n.<\/p>\n<h3>BAKIM<\/h3>\n<p>\u015eapkan\u0131z \u0131slan\u0131rsa: Oda s\u0131cakl\u0131\u011f\u0131nda do\u011fal olarak kurumas\u0131n\u0131 bekleyin, aksi takdirde \u00e7ekebilir.<br>\u015eapkan\u0131z\u0131 s\u0131cak bir arabada, pencerede veya do\u011frudan g\u00fcne\u015f \u0131\u015f\u0131\u011f\u0131 alt\u0131nda b\u0131rakmay\u0131n.<\/p>\n<h3>TEM\u0130ZL\u0130K<\/h3>\n<p>KE\u00c7ELER: Kirleri temizlemek i\u00e7in su \u0131s\u0131t\u0131c\u0131n\u0131zdan biraz buhar ve yumu\u015fak bir f\u0131r\u00e7a kullan\u0131n, her zaman nazik\u00e7e ve saat y\u00f6n\u00fcn\u00fcn tersine f\u0131r\u00e7alay\u0131n.<br>WOWENS: Noktasal veya nazik kuru temizleme \u00f6neriyoruz. <br>\u00c7\u0130LELER: Islak mendil lekeyi \u00e7\u0131karman\u0131za yard\u0131mc\u0131 olacakt\u0131r.<br>\u015eapkalar genellikle bir \u015fapka \u00fcreticisi d\u0131\u015f\u0131nda kimse taraf\u0131ndan temizlenmemelidir.<\/p>\n<h3>DEPOLAMA<\/h3>\n<p>SIBI'nizi saklaman\u0131n en iyi yolu, \u00f6m\u00fcr boyu kullan\u0131lmas\u0131n\u0131 sa\u011flayacak ka\u011f\u0131t mendil ile doldurulmu\u015f kutusudur.<\/p>\n<p>SIBI'n\u0131z\u0131n ekstra bak\u0131ma ihtiyac\u0131 varsa l\u00fctfen&nbsp;<a href=\"http:\/\/sibihats.com\/tr\/adminsecsibi\/iletisim\/\">Bize ula\u015f\u0131n<\/a>.<\/p>\n\n\t\t<\/div>\n\t\t\t\t\t<\/div>\n\n\t\n\n<\/div>","protected":false},"excerpt":{"rendered":"","protected":false},"author":1,"featured_media":0,"parent":0,"menu_order":0,"comment_status":"closed","ping_status":"open","template":"","meta":{"footnotes":""},"class_list":["post-1196","page","type-page","status-publish","hentry"],"jetpack_sharing_enabled":true,"_links":{"self":[{"href":"https:\/\/sibihats.com\/tr\/wp-json\/wp\/v2\/pages\/1196","targetHints":{"allow":["GET"]}}],"collection":[{"href":"https:\/\/sibihats.com\/tr\/wp-json\/wp\/v2\/pages"}],"about":[{"href":"https:\/\/sibihats.com\/tr\/wp-json\/wp\/v2\/types\/page"}],"author":[{"embeddable":true,"href":"https:\/\/sibihats.com\/tr\/wp-json\/wp\/v2\/users\/1"}],"replies":[{"embeddable":true,"href":"https:\/\/sibihats.com\/tr\/wp-json\/wp\/v2\/comments?post=1196"}],"version-history":[{"count":4,"href":"https:\/\/sibihats.com\/tr\/wp-json\/wp\/v2\/pages\/1196\/revisions"}],"predecessor-version":[{"id":4049,"href":"https:\/\/sibihats.com\/tr\/wp-json\/wp\/v2\/pages\/1196\/revisions\/4049"}],"wp:attachment":[{"href":"https:\/\/sibihats.com\/tr\/wp-json\/wp\/v2\/media?parent=1196"}],"curies":[{"name":"wp","href":"https:\/\/api.w.org\/{rel}","templated":true}]}}