{"id":1193,"date":"2019-12-12T19:02:09","date_gmt":"2019-12-12T16:02:09","guid":{"rendered":"http:\/\/shop.sibihats.com\/?page_id=1193"},"modified":"2019-12-12T19:02:15","modified_gmt":"2019-12-12T16:02:15","slug":"boyutlandirma","status":"publish","type":"page","link":"https:\/\/sibihats.com\/tr\/sizing\/","title":{"rendered":"BOYUTLANDIRMA"},"content":{"rendered":"<div class=\"row\"  id=\"row-712379843\">\n\n\n\t<div id=\"col-323151831\" class=\"col small-12 large-12\"  >\n\t\t\t\t<div class=\"col-inner\"  >\n\t\t\t\n\t\t\t\n\n  <div id=\"page-header-1993779297\" class=\"page-header-wrapper\">\n  <div class=\"page-title light simple-title\">\n\n    \n    <div class=\"page-title-inner container align-center flex-row medium-flex-wrap\" >\n              <div class=\"title-wrapper flex-col text-left medium-text-center\">\n          <h1 class=\"entry-title mb-0\">\n            BOYUTLANDIRMA          <\/h1>\n        <\/div>\n                    <div class=\"title-content flex-col flex-right text-right medium-text-center\">\n              <\/div>\n    <\/div>\n\n       <\/div>\n    <\/div>\n  \n\n<div>Uzunlu\u011fu belirlemek i\u00e7in bir mezura kullan\u0131n. Band\u0131 kulaklar\u0131n\u0131z\u0131n hemen \u00fcst\u00fcnden ba\u015f\u0131n\u0131z\u0131n etraf\u0131na \u00e7ok s\u0131k\u0131 olmayacak \u015fekilde nazik\u00e7e sar\u0131n ve ba\u015f\u0131n\u0131z\u0131 tamamen \u00e7evreleyin.<br \/>Temel olarak ihtiyac\u0131n\u0131z olan tek \u015fey ba\u015f\u0131n\u0131z\u0131 tam olarak \u015fapkan\u0131z\u0131n oturmas\u0131n\u0131 istedi\u011finiz yerden \u00f6l\u00e7mektir. Bedenler aras\u0131nda kal\u0131rsan\u0131z, bir sonraki en b\u00fcy\u00fck bedeni se\u00e7in. Do\u011fru olmas\u0131 i\u00e7in l\u00fctfen 2-3 kez \u00f6l\u00e7\u00fcn.<br \/><br \/>Daha fazla sorunuz varsa veya ekstra boyutta \u015fapka istiyorsan\u0131z l\u00fctfen\u00a0<a href=\"http:\/\/sibihats.com\/tr\/yeni\/iletisim\/\">Bize ula\u015f\u0131n<\/a>\u00a0 destek i\u00e7in.<\/div>\n\n\t\t<\/div>\n\t\t\t\t\t<\/div>\n\n\t\n\n<\/div>","protected":false},"excerpt":{"rendered":"","protected":false},"author":1,"featured_media":0,"parent":0,"menu_order":0,"comment_status":"closed","ping_status":"open","template":"","meta":{"footnotes":""},"class_list":["post-1193","page","type-page","status-publish","hentry"],"jetpack_sharing_enabled":true,"_links":{"self":[{"href":"https:\/\/sibihats.com\/tr\/wp-json\/wp\/v2\/pages\/1193","targetHints":{"allow":["GET"]}}],"collection":[{"href":"https:\/\/sibihats.com\/tr\/wp-json\/wp\/v2\/pages"}],"about":[{"href":"https:\/\/sibihats.com\/tr\/wp-json\/wp\/v2\/types\/page"}],"author":[{"embeddable":true,"href":"https:\/\/sibihats.com\/tr\/wp-json\/wp\/v2\/users\/1"}],"replies":[{"embeddable":true,"href":"https:\/\/sibihats.com\/tr\/wp-json\/wp\/v2\/comments?post=1193"}],"version-history":[{"count":2,"href":"https:\/\/sibihats.com\/tr\/wp-json\/wp\/v2\/pages\/1193\/revisions"}],"predecessor-version":[{"id":1195,"href":"https:\/\/sibihats.com\/tr\/wp-json\/wp\/v2\/pages\/1193\/revisions\/1195"}],"wp:attachment":[{"href":"https:\/\/sibihats.com\/tr\/wp-json\/wp\/v2\/media?parent=1193"}],"curies":[{"name":"wp","href":"https:\/\/api.w.org\/{rel}","templated":true}]}}