{"id":1184,"date":"2019-12-12T18:32:04","date_gmt":"2019-12-12T15:32:04","guid":{"rendered":"http:\/\/shop.sibihats.com\/?page_id=1184"},"modified":"2022-12-19T10:03:33","modified_gmt":"2022-12-19T07:03:33","slug":"sibi-2-hakkinda","status":"publish","type":"page","link":"https:\/\/sibihats.com\/tr\/about-sibi-2\/","title":{"rendered":"SIBI HAKKINDA"},"content":{"rendered":"<section class=\"section\" id=\"section_1618532246\">\n\t\t<div class=\"section-bg fill\" >\n\t\t\t\t\t\t\t\t\t<div class=\"section-bg-overlay absolute fill\"><\/div>\n\t\t\t\n\n\t\t<\/div>\n\n\t\t\n\n\t\t<div class=\"section-content relative\">\n\t\t\t\n\n<div class=\"row row-collapse row-full-width align-middle\"  id=\"row-789786540\">\n\n\n\t<div id=\"col-429637197\" class=\"col medium-6 small-12 large-6\"  >\n\t\t\t\t<div class=\"col-inner text-left\"  >\n\t\t\t\n\t\t\t\n\n  <div id=\"page-header-698254320\" class=\"page-header-wrapper\">\n  <div class=\"page-title light simple-title\">\n\n    \n    <div class=\"page-title-inner container align-center flex-row medium-flex-wrap\" >\n              <div class=\"title-wrapper flex-col text-left medium-text-center\">\n          <h1 class=\"entry-title mb-0\">\n            SIBI HAKKINDA          <\/h1>\n        <\/div>\n                    <div class=\"title-content flex-col flex-right text-right medium-text-center\">\n              <\/div>\n    <\/div>\n\n       <\/div>\n    <\/div>\n  \n\n<p>Marka, \u015fapka tasarlamak ve yapmaktan her zaman etkilenmi\u015f olan tasar\u0131mc\u0131 Sibi Schmitz taraf\u0131ndan kurulmu\u015ftur.<\/p>\n<p>Kendi \u015fapka markas\u0131 SIBI'yi piyasaya s\u00fcrmeden \u00f6nce, farkl\u0131 modac\u0131larla \u00e7al\u0131\u015fma ve d\u00fcnya \u00e7ap\u0131nda neredeyse 40 farkl\u0131 k\u00fclt\u00fcr\u00fcn ya\u015fam tarzlar\u0131n\u0131 ve moda alg\u0131lar\u0131n\u0131 g\u00f6zlemleme \u015fans\u0131 buldu. Tasar\u0131mlar\u0131, sadeli\u011fi ve l\u00fcks\u00fc tutkuyla i\u015flenmi\u015f \u015fapkalar \u015feklinde sunuyor.<\/p>\n<p>T\u00fcm SIBI \u015fapkalar\u0131 d\u00fcnya \u00e7ap\u0131nda toplanan kaliteli kar\u0131\u015f\u0131mlardan \u00fcretilmektedir. Her par\u00e7a, zarif geleneksel Millinery teknikleri kullan\u0131larak tamamen el yap\u0131m\u0131d\u0131r.<\/p>\n<div class=\"bilgi wow fadeInUp\">\n<p>Hayat\u0131 boyunca ger\u00e7ek bir \u015fapka insan\u0131 olan Sibi, kesinlikle \u015funa inan\u0131yor<\/p>\n<\/div>\n<h3 class=\"spot wow fadeInUp alt-font\"><em>\u2018\u015eapka ki\u015finin tarz\u0131na y\u00f6n verir\u2019.<\/em><\/h3>\n\n\t\t<\/div>\n\t\t\t\t\n<style>\n#col-429637197 > .col-inner {\n  padding: 10% 10% 10% 10%;\n  max-width: 520px;\n}\n<\/style>\n\t<\/div>\n\n\t\n\n\t<div id=\"col-1350391198\" class=\"col medium-6 small-12 large-6 small-col-first\"  >\n\t\t\t\t<div class=\"col-inner\"  >\n\t\t\t\n\t\t\t\n\n\t<div class=\"img has-hover x md-x lg-x y md-y lg-y\" id=\"image_1746155271\">\n\t\t\t\t\t\t\t\t<div class=\"img-inner dark\" >\n\t\t\t<img loading=\"lazy\" decoding=\"async\" width=\"800\" height=\"800\" src=\"https:\/\/sibihats.com\/wp-content\/uploads\/2022\/12\/SIBI-Hats-9.jpg\" class=\"attachment-large size-large\" alt=\"SIBI HAKKINDA\" srcset=\"https:\/\/sibihats.com\/wp-content\/uploads\/2022\/12\/SIBI-Hats-9.jpg 1554w, https:\/\/sibihats.com\/wp-content\/uploads\/2022\/12\/SIBI-Hats-9-100x100.jpg 100w\" sizes=\"auto, (max-width: 800px) 100vw, 800px\" \/>\t\t\t\t\t\t\n\t\t\t\t\t<\/div>\n\t\t\t\t\t\t\t\t\n<style>\n#image_1746155271 {\n  width: 100%;\n}\n<\/style>\n\t<\/div>\n\t\n\n\n\t\t<\/div>\n\t\t\t\t\t<\/div>\n\n\t\n\n<\/div>\n\n\t\t<\/div>\n\n\t\t\n<style>\n#section_1618532246 {\n  padding-top: 0px;\n  padding-bottom: 0px;\n  background-color: rgb(247, 247, 247);\n}\n#section_1618532246 .section-bg-overlay {\n  background-color: rgba(255, 255, 255, 0.85);\n}\n<\/style>\n\t<\/section>","protected":false},"excerpt":{"rendered":"","protected":false},"author":1,"featured_media":0,"parent":0,"menu_order":0,"comment_status":"closed","ping_status":"open","template":"","meta":{"footnotes":""},"class_list":["post-1184","page","type-page","status-publish","hentry"],"jetpack_sharing_enabled":true,"_links":{"self":[{"href":"https:\/\/sibihats.com\/tr\/wp-json\/wp\/v2\/pages\/1184","targetHints":{"allow":["GET"]}}],"collection":[{"href":"https:\/\/sibihats.com\/tr\/wp-json\/wp\/v2\/pages"}],"about":[{"href":"https:\/\/sibihats.com\/tr\/wp-json\/wp\/v2\/types\/page"}],"author":[{"embeddable":true,"href":"https:\/\/sibihats.com\/tr\/wp-json\/wp\/v2\/users\/1"}],"replies":[{"embeddable":true,"href":"https:\/\/sibihats.com\/tr\/wp-json\/wp\/v2\/comments?post=1184"}],"version-history":[{"count":10,"href":"https:\/\/sibihats.com\/tr\/wp-json\/wp\/v2\/pages\/1184\/revisions"}],"predecessor-version":[{"id":5393,"href":"https:\/\/sibihats.com\/tr\/wp-json\/wp\/v2\/pages\/1184\/revisions\/5393"}],"wp:attachment":[{"href":"https:\/\/sibihats.com\/tr\/wp-json\/wp\/v2\/media?parent=1184"}],"curies":[{"name":"wp","href":"https:\/\/api.w.org\/{rel}","templated":true}]}}